{"id":88,"date":"2020-08-31T17:24:12","date_gmt":"2020-08-31T17:24:12","guid":{"rendered":"https:\/\/nevenajeremic.com\/?page_id=88"},"modified":"2025-08-12T17:42:48","modified_gmt":"2025-08-12T17:42:48","slug":"pocetna","status":"publish","type":"page","link":"https:\/\/nevenajeremic.com\/sr\/","title":{"rendered":"Po\u010detna"},"content":{"rendered":"<p>[et_pb_section fb_built=&#8220;1&#8243; module_id=&#8220;hero&#8220; _builder_version=&#8220;4.6.5&#8243; _module_preset=&#8220;default&#8220; background_image=&#8220;https:\/\/nevenajeremic.com\/wp-content\/uploads\/2020\/09\/Baner_BG.jpg&#8220; width=&#8220;100%&#8220; module_alignment=&#8220;center&#8220; min_height_tablet=&#8220;&#8220; min_height_phone=&#8220;&#8220; min_height_last_edited=&#8220;on|desktop&#8220; custom_margin=&#8220;0px|0px|0px|0px|false|false&#8220; custom_padding=&#8220;50px|0px||0px|false|false&#8220; background_color_phone=&#8220;#532f45&#8243; background_last_edited=&#8220;on|phone&#8220; background_enable_color_phone=&#8220;on&#8220; border_style_all=&#8220;none&#8220; global_module=&#8220;176&#8243; saved_tabs=&#8220;all&#8220; global_colors_info=&#8220;{}&#8220;][et_pb_row _builder_version=&#8220;4.16&#8243; _module_preset=&#8220;default&#8220; width_tablet=&#8220;&#8220; width_phone=&#8220;82%&#8220; width_last_edited=&#8220;on|phone&#8220; global_colors_info=&#8220;{}&#8220;][et_pb_column type=&#8220;4_4&#8243; _builder_version=&#8220;4.16&#8243; _module_preset=&#8220;default&#8220; global_colors_info=&#8220;{}&#8220;][et_pb_text _builder_version=&#8220;4.16&#8243; _module_preset=&#8220;default&#8220; header_2_text_align=&#8220;center&#8220; header_2_font_size=&#8220;60px&#8220; header_2_line_height=&#8220;1.1em&#8220; module_alignment=&#8220;center&#8220; custom_padding=&#8220;||||false|false&#8220; header_2_font_size_tablet=&#8220;45px&#8220; header_2_font_size_phone=&#8220;28px&#8220; header_2_font_size_last_edited=&#8220;on|phone&#8220; global_colors_info=&#8220;{}&#8220;]<\/p>\n<h2 style=\"text-align: center;\"><span style=\"color: #ea7186;\">BITI U POSLU:<\/span><br \/><span style=\"color: #ffffff;\">RACIO JE NEOPHODAN,<br \/>BEZ EMOCIJA SE NE MO\u017dE<\/span><\/h2>\n<p>[\/et_pb_text][\/et_pb_column][\/et_pb_row][\/et_pb_section][et_pb_section fb_built=&#8220;1&#8243; _builder_version=&#8220;4.16&#8243; _module_preset=&#8220;default&#8220; background_color=&#8220;#ebe7e5&#8243; min_height=&#8220;61px&#8220; custom_padding=&#8220;0px||0px|||&#8220; global_colors_info=&#8220;{}&#8220;][et_pb_row _builder_version=&#8220;4.16&#8243; _module_preset=&#8220;default&#8220; width=&#8220;100%&#8220; max_width=&#8220;1000px&#8220; custom_padding=&#8220;50px||50px|||&#8220; global_colors_info=&#8220;{}&#8220;][et_pb_column type=&#8220;4_4&#8243; _builder_version=&#8220;4.16&#8243; _module_preset=&#8220;default&#8220; global_colors_info=&#8220;{}&#8220;][et_pb_text _builder_version=&#8220;4.16&#8243; _module_preset=&#8220;default&#8220; custom_padding_tablet=&#8220;&#8220; custom_padding_phone=&#8220;|20px||20px|false|false&#8220; custom_padding_last_edited=&#8220;on|phone&#8220; global_colors_info=&#8220;{}&#8220;]<\/p>\n<h1 style=\"text-align: center;\">Coaching i Konsalting<\/h1>\n<p style=\"text-align: center;\">Svaki pojedinac, svaki tim, svaka kompanija i svaka organizacija, ima jedinstven odnos prema svom poslu.<\/p>\n<p style=\"text-align: center;\">Vode\u0107i ra\u010duna o ovoj \u010dinjenici, kroz partnersku saradnju sa klijentima, radim na osmi\u0161ljavanju, kreiranju i sprovo\u0111enju posebnih i namenskih konsultantskih\/coaching intervencija i aktivnosti, koje treba da budu korisne klijentima za njihovo poslovanje i razvoj.<\/p>\n<p>[\/et_pb_text][\/et_pb_column][\/et_pb_row][\/et_pb_section][et_pb_section fb_built=&#8220;1&#8243; _builder_version=&#8220;4.16&#8243; _module_preset=&#8220;default&#8220; background_color=&#8220;#ebe7e5&#8243; width=&#8220;100%&#8220; custom_padding=&#8220;0px||0px|||&#8220; global_colors_info=&#8220;{}&#8220;][et_pb_row column_structure=&#8220;1_5,1_5,1_5,1_5,1_5&#8243; module_id=&#8220;zaKlijente&#8220; _builder_version=&#8220;4.16&#8243; _module_preset=&#8220;default&#8220; width=&#8220;100%&#8220; custom_padding=&#8220;50px||100px|||&#8220; global_colors_info=&#8220;{}&#8220;][et_pb_column type=&#8220;1_5&#8243; _builder_version=&#8220;4.16&#8243; _module_preset=&#8220;default&#8220; global_colors_info=&#8220;{}&#8220;][et_pb_blurb title=&#8220;POJEDINCI&#8220; image=&#8220;https:\/\/nevenajeremic.com\/wp-content\/uploads\/2020\/08\/Icon_pojedinci.png&#8220; alt=&#8220;Coaching i Konsalting za pojedince&#8220; _builder_version=&#8220;4.16&#8243; _module_preset=&#8220;default&#8220; header_level=&#8220;h3&#8243; header_font=&#8220;Nunito||||||||&#8220; header_font_size=&#8220;28px&#8220; body_font=&#8220;Nunito||||||||&#8220; body_text_align=&#8220;center&#8220; text_orientation=&#8220;center&#8220; header_font_size_tablet=&#8220;&#8220; header_font_size_phone=&#8220;&#8220; header_font_size_last_edited=&#8220;on|tablet&#8220; global_colors_info=&#8220;{}&#8220;]<\/p>\n<p style=\"text-align: center;\">Promena posla<\/p>\n<p style=\"text-align: center;\">Ve\u0107a sigurnost u poslovnim odnosima<\/p>\n<p style=\"text-align: center;\">Odnos prema autoritetu<\/p>\n<p style=\"text-align: center;\">Liderstvo<\/p>\n<p style=\"text-align: center;\"><a href=\"\/sr\/za-klijente\/#coaching\">COACHING<\/a><\/p>\n<p style=\"text-align: center;\">Radna motivacija<\/p>\n<p>[\/et_pb_blurb][\/et_pb_column][et_pb_column type=&#8220;1_5&#8243; _builder_version=&#8220;4.16&#8243; _module_preset=&#8220;default&#8220; global_colors_info=&#8220;{}&#8220;][et_pb_blurb title=&#8220;STARTUP FIRME&#8220; image=&#8220;https:\/\/nevenajeremic.com\/wp-content\/uploads\/2020\/08\/Icon_startupi.png&#8220; alt=&#8220;Coaching i Konsalting za startup-e&#8220; _builder_version=&#8220;4.16&#8243; _module_preset=&#8220;default&#8220; header_level=&#8220;h3&#8243; header_font=&#8220;Nunito||||||||&#8220; header_font_size=&#8220;28px&#8220; body_font=&#8220;Nunito||||||||&#8220; body_text_align=&#8220;center&#8220; text_orientation=&#8220;center&#8220; header_font_size_tablet=&#8220;24px&#8220; header_font_size_phone=&#8220;&#8220; header_font_size_last_edited=&#8220;on|tablet&#8220; global_colors_info=&#8220;{}&#8220;]<\/p>\n<p style=\"text-align: center;\">Postavljanje prioriteta<\/p>\n<p style=\"text-align: center;\">Definisanje i re\u0161avanje izazova<\/p>\n<p style=\"text-align: center;\">Nova uloga<\/p>\n<p style=\"text-align: center;\">Vo\u0111enje timova<\/p>\n<p style=\"text-align: center;\">Ve\u0161tina rukovo\u0111enja<\/p>\n<p style=\"text-align: center;\">Sistemsko razmi\u0161ljanje<\/p>\n<p>[\/et_pb_blurb][\/et_pb_column][et_pb_column type=&#8220;1_5&#8243; _builder_version=&#8220;4.16&#8243; _module_preset=&#8220;default&#8220; global_colors_info=&#8220;{}&#8220;][et_pb_blurb title=&#8220;PORODI\u010cNE FIRME&#8220; image=&#8220;https:\/\/nevenajeremic.com\/wp-content\/uploads\/2020\/08\/Icon_porodicne_firme.png&#8220; alt=&#8220;Coaching i Konsalting za porodicne firme&#8220; _builder_version=&#8220;4.16&#8243; _module_preset=&#8220;default&#8220; header_level=&#8220;h3&#8243; header_font=&#8220;Nunito||||||||&#8220; header_font_size=&#8220;28px&#8220; body_font=&#8220;Nunito||||||||&#8220; body_text_align=&#8220;center&#8220; text_orientation=&#8220;center&#8220; global_colors_info=&#8220;{}&#8220;]<\/p>\n<p style=\"text-align: center;\">Prevazila\u017eenje generacijskog jaza<\/p>\n<p style=\"text-align: center;\">Razli\u010diti stilovi poslovanja<\/p>\n<p style=\"text-align: center;\">Ro\u0111aci &#8211; suvlasnici<\/p>\n<p style=\"text-align: center;\">Izazovi partnerskih poslova<\/p>\n<p style=\"text-align: center;\">&#8222;Vi\u0161i cilj&#8220; firme<\/p>\n<p>[\/et_pb_blurb][\/et_pb_column][et_pb_column type=&#8220;1_5&#8243; _builder_version=&#8220;4.16&#8243; _module_preset=&#8220;default&#8220; global_colors_info=&#8220;{}&#8220;][et_pb_blurb title=&#8220;KOMPANIJE I KORPORACIJE&#8220; image=&#8220;https:\/\/nevenajeremic.com\/wp-content\/uploads\/2020\/08\/Icon_kompanije.png&#8220; alt=&#8220;Coaching i Konsalting za kompanije i korporacije&#8220; _builder_version=&#8220;4.16&#8243; _module_preset=&#8220;default&#8220; header_level=&#8220;h3&#8243; header_font=&#8220;Nunito||||||||&#8220; header_font_size=&#8220;28px&#8220; body_font=&#8220;Nunito||||||||&#8220; body_text_align=&#8220;center&#8220; text_orientation=&#8220;center&#8220; global_colors_info=&#8220;{}&#8220;]<\/p>\n<p style=\"text-align: center;\"><a href=\"\/sr\/za-klijente\/?ao=coaching&amp;ai=3#coaching\">KONSALTING<\/a><\/p>\n<p style=\"text-align: center;\">Organizacione \/ sistemske promene<\/p>\n<p style=\"text-align: center;\">Promena poslovne i radne kulture<\/p>\n<p style=\"text-align: center;\">Razvoj liderstva i zdravog autoriteta<\/p>\n<p style=\"text-align: center;\">Toksi\u010dni odnosi<\/p>\n<p style=\"text-align: center;\">Pove\u0107anje efikasnosti<\/p>\n<p>[\/et_pb_blurb][\/et_pb_column][et_pb_column type=&#8220;1_5&#8243; _builder_version=&#8220;4.16&#8243; _module_preset=&#8220;default&#8220; global_colors_info=&#8220;{}&#8220;][et_pb_blurb title=&#8220;JAVNI SEKTOR&#8220; image=&#8220;https:\/\/nevenajeremic.com\/wp-content\/uploads\/2020\/08\/Icon_Javni_sektor.png&#8220; alt=&#8220;Coaching i Konsalting za javni sektor&#8220; _builder_version=&#8220;4.16&#8243; _module_preset=&#8220;default&#8220; header_level=&#8220;h3&#8243; header_font=&#8220;Nunito||||||||&#8220; header_font_size=&#8220;28px&#8220; body_font=&#8220;Nunito||||||||&#8220; body_text_align=&#8220;center&#8220; text_orientation=&#8220;center&#8220; global_colors_info=&#8220;{}&#8220;]<\/p>\n<p style=\"text-align: center;\">Razvoj poslovnih i radnih ve\u0161tina<\/p>\n<p style=\"text-align: center;\">Pove\u0107anje radne motivacije<\/p>\n<p style=\"text-align: center;\">Pove\u0107anje efikasnosti<\/p>\n<p style=\"text-align: center;\">Rukovo\u0111enje<\/p>\n<p style=\"text-align: center;\">Komunikacija<\/p>\n<p>[\/et_pb_blurb][\/et_pb_column][\/et_pb_row][et_pb_row module_id=&#8220;zaKlijente&#8220; _builder_version=&#8220;4.16&#8243; _module_preset=&#8220;default&#8220; width=&#8220;100%&#8220; custom_padding=&#8220;0px||100px|||&#8220; global_colors_info=&#8220;{}&#8220;][et_pb_column type=&#8220;4_4&#8243; _builder_version=&#8220;4.16&#8243; _module_preset=&#8220;default&#8220; global_colors_info=&#8220;{}&#8220;][et_pb_divider _builder_version=&#8220;4.16&#8243; _module_preset=&#8220;1d596157-0e2d-42a5-a7be-83b97444f530&#8243; global_colors_info=&#8220;{}&#8220;][\/et_pb_divider][et_pb_text _builder_version=&#8220;4.16&#8243; _module_preset=&#8220;default&#8220; custom_padding=&#8220;|20px||20px|false|false&#8220; global_colors_info=&#8220;{}&#8220;]<\/p>\n<p><strong>COACHING<\/strong><span>\u00a0<\/span>u fokusu mo\u017ee imati: promene liderskog stila, odnos prema ocenama koje daju kolege, planiranje budu\u0107nosti, odlu\u010divanje o nastavku ili promenama u karijeri, popravljanje veoma lo\u0161eg odnosa sa saradnicima\u2026 Ve\u0107ina ljudi uvidi pravu korist kroz proces individualnih konsultacija \u2013 \u201ccoachinga\u201d \u2013 i dosta uspe\u0161no nalazi najbolje re\u0161enje za konkretno pitanje.<\/p>\n<p>Identifikacija potrebe za razvoj tima i sli\u010dnih organizacionih celina, de\u0161ava se u sasvim razli\u010dtim uslovima \u2013 nekada pri samom formiranju, ponekad tokom rada i anga\u017eovanosti tima na konkretnim zadacima ili pak, pri kraju realizacije posla u kome je tim u\u010destvovao. Rukovodioci timova ili \u010dlanovi timova ukazuju na potrebu za<span>\u00a0<\/span><a href=\"\/sr\/za-klijente\/\"><strong>KONSALTING<\/strong><span>\u00a0<\/span><\/a>intervencijom na razli\u010dite na\u010dine.<\/p>\n<p>Naj\u010de\u0161\u0107e, zadatak je otkriti prikrivene i neotkrivene skupove stavova i pona\u0161anja kod zaposlenih, koji spre\u010davaju ili zaustavljaju efikasni rad kod konkretnog KLIJENTA (firma, kompanija, korporacija, organizacija). Ljudi uvi\u0111aju da je potrebno ne\u0161to \u201csrediti\u201d pa mi se obra\u0107aju za<span>\u00a0<\/span><strong>KONSALTING<\/strong>.<\/p>\n<p>[\/et_pb_text][\/et_pb_column][\/et_pb_row][\/et_pb_section]<\/p>\n","protected":false},"excerpt":{"rendered":"<p>BITI U POSLU:RACIO JE NEOPHODAN,BEZ EMOCIJA SE NE MO\u017dECoaching i Konsalting Svaki pojedinac, svaki tim, svaka kompanija i svaka organizacija, ima jedinstven odnos prema svom poslu. Vode\u0107i ra\u010duna o ovoj \u010dinjenici, kroz partnersku saradnju sa klijentima, radim na osmi\u0161ljavanju, kreiranju i sprovo\u0111enju posebnih i namenskih konsultantskih\/coaching intervencija i aktivnosti, koje treba da budu korisne klijentima [&hellip;]<\/p>\n","protected":false},"author":1,"featured_media":0,"parent":0,"menu_order":0,"comment_status":"closed","ping_status":"closed","template":"","meta":{"_et_pb_use_builder":"on","_et_pb_old_content":"","_et_gb_content_width":"","footnotes":""},"yoast_head":"<!-- This site is optimized with the Yoast SEO plugin v21.2 - https:\/\/yoast.com\/wordpress\/plugins\/seo\/ -->\n<title>Coaching i konsalting<\/title>\n<meta name=\"description\" content=\"Coaching i konsalting\" \/>\n<meta name=\"robots\" content=\"index, follow, max-snippet:-1, max-image-preview:large, max-video-preview:-1\" \/>\n<link rel=\"canonical\" href=\"https:\/\/nevenajeremic.com\/sr\/\" \/>\n<meta property=\"og:locale\" content=\"sr_RS\" \/>\n<meta property=\"og:type\" content=\"article\" \/>\n<meta property=\"og:title\" content=\"Coaching i konsalting\" \/>\n<meta property=\"og:description\" content=\"Coaching i konsalting\" \/>\n<meta property=\"og:url\" content=\"https:\/\/nevenajeremic.com\/sr\/\" \/>\n<meta property=\"og:site_name\" content=\"My Blog\" \/>\n<meta property=\"article:modified_time\" content=\"2025-08-12T17:42:48+00:00\" \/>\n<meta name=\"twitter:card\" content=\"summary_large_image\" \/>\n<meta name=\"twitter:label1\" content=\"\u041f\u0440\u043e\u0446\u0435\u045a\u0435\u043d\u043e \u0432\u0440\u0435\u043c\u0435 \u0447\u0438\u0442\u0430\u045a\u0430\" \/>\n\t<meta name=\"twitter:data1\" content=\"5 \u043c\u0438\u043d\u0443\u0442\u0430\" \/>\n<script type=\"application\/ld+json\" class=\"yoast-schema-graph\">{\"@context\":\"https:\/\/schema.org\",\"@graph\":[{\"@type\":\"WebPage\",\"@id\":\"https:\/\/nevenajeremic.com\/sr\/\",\"url\":\"https:\/\/nevenajeremic.com\/sr\/\",\"name\":\"Coaching i konsalting\",\"isPartOf\":{\"@id\":\"https:\/\/nevenajeremic.com\/sr\/#website\"},\"datePublished\":\"2020-08-31T17:24:12+00:00\",\"dateModified\":\"2025-08-12T17:42:48+00:00\",\"description\":\"Coaching i konsalting\",\"breadcrumb\":{\"@id\":\"https:\/\/nevenajeremic.com\/sr\/#breadcrumb\"},\"inLanguage\":\"sr-RS\",\"potentialAction\":[{\"@type\":\"ReadAction\",\"target\":[\"https:\/\/nevenajeremic.com\/sr\/\"]}]},{\"@type\":\"BreadcrumbList\",\"@id\":\"https:\/\/nevenajeremic.com\/sr\/#breadcrumb\",\"itemListElement\":[{\"@type\":\"ListItem\",\"position\":1,\"name\":\"Home\",\"item\":\"https:\/\/nevenajeremic.com\/sr\/\"},{\"@type\":\"ListItem\",\"position\":2,\"name\":\"Po\u010detna\"}]},{\"@type\":\"WebSite\",\"@id\":\"https:\/\/nevenajeremic.com\/sr\/#website\",\"url\":\"https:\/\/nevenajeremic.com\/sr\/\",\"name\":\"My Blog\",\"description\":\"My WordPress Blog\",\"potentialAction\":[{\"@type\":\"SearchAction\",\"target\":{\"@type\":\"EntryPoint\",\"urlTemplate\":\"https:\/\/nevenajeremic.com\/sr\/?s={search_term_string}\"},\"query-input\":\"required name=search_term_string\"}],\"inLanguage\":\"sr-RS\"}]}<\/script>\n<!-- \/ Yoast SEO plugin. -->","yoast_head_json":{"title":"Coaching i konsalting","description":"Coaching i konsalting","robots":{"index":"index","follow":"follow","max-snippet":"max-snippet:-1","max-image-preview":"max-image-preview:large","max-video-preview":"max-video-preview:-1"},"canonical":"https:\/\/nevenajeremic.com\/sr\/","og_locale":"sr_RS","og_type":"article","og_title":"Coaching i konsalting","og_description":"Coaching i konsalting","og_url":"https:\/\/nevenajeremic.com\/sr\/","og_site_name":"My Blog","article_modified_time":"2025-08-12T17:42:48+00:00","twitter_card":"summary_large_image","twitter_misc":{"\u041f\u0440\u043e\u0446\u0435\u045a\u0435\u043d\u043e \u0432\u0440\u0435\u043c\u0435 \u0447\u0438\u0442\u0430\u045a\u0430":"5 \u043c\u0438\u043d\u0443\u0442\u0430"},"schema":{"@context":"https:\/\/schema.org","@graph":[{"@type":"WebPage","@id":"https:\/\/nevenajeremic.com\/sr\/","url":"https:\/\/nevenajeremic.com\/sr\/","name":"Coaching i konsalting","isPartOf":{"@id":"https:\/\/nevenajeremic.com\/sr\/#website"},"datePublished":"2020-08-31T17:24:12+00:00","dateModified":"2025-08-12T17:42:48+00:00","description":"Coaching i konsalting","breadcrumb":{"@id":"https:\/\/nevenajeremic.com\/sr\/#breadcrumb"},"inLanguage":"sr-RS","potentialAction":[{"@type":"ReadAction","target":["https:\/\/nevenajeremic.com\/sr\/"]}]},{"@type":"BreadcrumbList","@id":"https:\/\/nevenajeremic.com\/sr\/#breadcrumb","itemListElement":[{"@type":"ListItem","position":1,"name":"Home","item":"https:\/\/nevenajeremic.com\/sr\/"},{"@type":"ListItem","position":2,"name":"Po\u010detna"}]},{"@type":"WebSite","@id":"https:\/\/nevenajeremic.com\/sr\/#website","url":"https:\/\/nevenajeremic.com\/sr\/","name":"My Blog","description":"My WordPress Blog","potentialAction":[{"@type":"SearchAction","target":{"@type":"EntryPoint","urlTemplate":"https:\/\/nevenajeremic.com\/sr\/?s={search_term_string}"},"query-input":"required name=search_term_string"}],"inLanguage":"sr-RS"}]}},"_links":{"self":[{"href":"https:\/\/nevenajeremic.com\/sr\/wp-json\/wp\/v2\/pages\/88"}],"collection":[{"href":"https:\/\/nevenajeremic.com\/sr\/wp-json\/wp\/v2\/pages"}],"about":[{"href":"https:\/\/nevenajeremic.com\/sr\/wp-json\/wp\/v2\/types\/page"}],"author":[{"embeddable":true,"href":"https:\/\/nevenajeremic.com\/sr\/wp-json\/wp\/v2\/users\/1"}],"replies":[{"embeddable":true,"href":"https:\/\/nevenajeremic.com\/sr\/wp-json\/wp\/v2\/comments?post=88"}],"version-history":[{"count":4,"href":"https:\/\/nevenajeremic.com\/sr\/wp-json\/wp\/v2\/pages\/88\/revisions"}],"predecessor-version":[{"id":1018,"href":"https:\/\/nevenajeremic.com\/sr\/wp-json\/wp\/v2\/pages\/88\/revisions\/1018"}],"wp:attachment":[{"href":"https:\/\/nevenajeremic.com\/sr\/wp-json\/wp\/v2\/media?parent=88"}],"curies":[{"name":"wp","href":"https:\/\/api.w.org\/{rel}","templated":true}]}}