{"id":660,"date":"2020-10-28T21:45:01","date_gmt":"2020-10-28T21:45:01","guid":{"rendered":"https:\/\/nevenajeremic.com\/?page_id=660"},"modified":"2025-08-06T20:18:36","modified_gmt":"2025-08-06T20:18:36","slug":"reference","status":"publish","type":"page","link":"https:\/\/nevenajeremic.com\/sr\/reference\/","title":{"rendered":"Reference"},"content":{"rendered":"<p>[et_pb_section fb_built=&#8220;1&#8243; module_id=&#8220;hero&#8220; _builder_version=&#8220;4.6.5&#8243; _module_preset=&#8220;default&#8220; background_image=&#8220;https:\/\/nevenajeremic.com\/wp-content\/uploads\/2020\/09\/Baner_BG.jpg&#8220; width=&#8220;100%&#8220; module_alignment=&#8220;center&#8220; min_height_tablet=&#8220;&#8220; min_height_phone=&#8220;&#8220; min_height_last_edited=&#8220;on|desktop&#8220; custom_margin=&#8220;0px|0px|0px|0px|false|false&#8220; custom_padding=&#8220;50px|0px||0px|false|false&#8220; background_color_phone=&#8220;#532f45&#8243; background_last_edited=&#8220;on|phone&#8220; background_enable_color_phone=&#8220;on&#8220; border_style_all=&#8220;none&#8220; global_module=&#8220;176&#8243; saved_tabs=&#8220;all&#8220; global_colors_info=&#8220;{}&#8220;][et_pb_row _builder_version=&#8220;4.16&#8243; _module_preset=&#8220;default&#8220; width_tablet=&#8220;&#8220; width_phone=&#8220;82%&#8220; width_last_edited=&#8220;on|phone&#8220; global_colors_info=&#8220;{}&#8220;][et_pb_column type=&#8220;4_4&#8243; _builder_version=&#8220;4.16&#8243; _module_preset=&#8220;default&#8220; global_colors_info=&#8220;{}&#8220;][et_pb_text _builder_version=&#8220;4.16&#8243; _module_preset=&#8220;default&#8220; header_2_text_align=&#8220;center&#8220; header_2_font_size=&#8220;60px&#8220; header_2_line_height=&#8220;1.1em&#8220; module_alignment=&#8220;center&#8220; custom_padding=&#8220;||||false|false&#8220; header_2_font_size_tablet=&#8220;45px&#8220; header_2_font_size_phone=&#8220;28px&#8220; header_2_font_size_last_edited=&#8220;on|phone&#8220; global_colors_info=&#8220;{}&#8220;]<\/p>\n<h2 style=\"text-align: center;\"><span style=\"color: #ea7186;\">BITI U POSLU:<\/span><br \/><span style=\"color: #ffffff;\">RACIO JE NEOPHODAN,<br \/>BEZ EMOCIJA SE NE MO\u017dE<\/span><\/h2>\n<p>[\/et_pb_text][\/et_pb_column][\/et_pb_row][\/et_pb_section][et_pb_section fb_built=&#8220;1&#8243; _builder_version=&#8220;4.16&#8243; _module_preset=&#8220;default&#8220; background_color=&#8220;#ebe7e5&#8243; min_height=&#8220;61px&#8220; custom_padding=&#8220;0px||0px|||&#8220; global_colors_info=&#8220;{}&#8220;][et_pb_row _builder_version=&#8220;4.16&#8243; _module_preset=&#8220;default&#8220; width=&#8220;100%&#8220; max_width=&#8220;1080px&#8220; custom_margin_tablet=&#8220;&#8220; custom_margin_phone=&#8220;&#8220; custom_margin_last_edited=&#8220;on|phone&#8220; custom_padding=&#8220;0px||50px||false|false&#8220; global_colors_info=&#8220;{}&#8220;][et_pb_column type=&#8220;4_4&#8243; _builder_version=&#8220;4.16&#8243; _module_preset=&#8220;default&#8220; global_colors_info=&#8220;{}&#8220;][et_pb_text module_id=&#8220;oNeveni&#8220; _builder_version=&#8220;4.16&#8243; _module_preset=&#8220;default&#8220; custom_padding=&#8220;50px||||false|false&#8220; custom_padding_tablet=&#8220;&#8220; custom_padding_phone=&#8220;|20px||20px|false|false&#8220; custom_padding_last_edited=&#8220;on|phone&#8220; global_colors_info=&#8220;{}&#8220;]<\/p>\n<h1 style=\"text-align: center;\">Reference<\/h1>\n<p>[\/et_pb_text][et_pb_accordion open_toggle_text_color=&#8220;#41376b&#8220; open_toggle_background_color=&#8220;rgba(0,0,0,0)&#8220; closed_toggle_text_color=&#8220;#41376b&#8220; closed_toggle_background_color=&#8220;rgba(0,0,0,0)&#8220; icon_color=&#8220;#000000&#8243; use_icon_font_size=&#8220;on&#8220; icon_font_size=&#8220;25px&#8220; disabled_on=&#8220;off|off|off&#8220; _builder_version=&#8220;4.22.2&#8243; _module_preset=&#8220;default&#8220; toggle_text_color=&#8220;#41376b&#8220; hover_enabled=&#8220;0&#8243; toggle_font_size_tablet=&#8220;&#8220; toggle_font_size_phone=&#8220;19px&#8220; toggle_font_size_last_edited=&#8220;on|phone&#8220; closed_toggle_font_size_tablet=&#8220;&#8220; closed_toggle_font_size_phone=&#8220;19px&#8220; closed_toggle_font_size_last_edited=&#8220;on|phone&#8220; global_colors_info=&#8220;{}&#8220; sticky_enabled=&#8220;0&#8243;][et_pb_accordion_item title=&#8220;Ivana Domazet, Vlasnica i Generalna direktorka \u2013 TROPIC TRADE &#8220; open=&#8220;on&#8220; _builder_version=&#8220;4.22.2&#8243; _module_preset=&#8220;default&#8220; hover_enabled=&#8220;0&#8243; global_colors_info=&#8220;{}&#8220; sticky_enabled=&#8220;0&#8243;]<\/p>\n<p>Imam \u010dast preporu\u010diti Nevenu Jeremi\u0107, koja mi je pru\u017eila neprocenjivu podr\u0161ku u profesionalnom i li\u010dnom razvoju.<\/p>\n<p>Upoznala sam je u delikatnoj fazi transformacije svog \u017eivota. Kao naslednik porodi\u010dnog biznisa sa tradicionalnim vrednostima, \u010desto u kontrastu sa savremenim poslovnim trendovima, suo\u010davala sam se sa izazovima o\u010duvanja nasle\u0111enih vrednosti i stvaranja novih. Nevenina duboka empatija, stru\u010dnost u liderstvu i timskom radu omogu\u0107ile su mi da prona\u0111em balans i otvorim potpuno nove poslovne horizonte. Postala sam bolja verzija sebe \u2013 prema porodici, zaposlenima i sebi.<\/p>\n<p>Posmatraju\u0107i poslednjih 8 godina Nevenin pristup s otvorenim srcem i iskrenom radosti prema mojim uspesima omogu\u0107io je da danas budem okru\u017eena timom koji zajedno sa mnom gradi kompaniju prepoznatu po inovacijama, kvalitetu i o\u010duvanju integriteta.<\/p>\n<p>Smatram da je upravljanje promenama jedno od najva\u017enijih pitanja\u00a0u li\u010dnom i profesionalnom \u017eivotu. Kroz rad sa Nevenom nau\u010dila sam kako, kroz promene u sebi i svom pristupu, oblikujemo okru\u017eenje koje je u skladu sa na\u0161im vrednostima i potrebama.<\/p>\n<p><a href=\"https:\/\/tropicfish.com\/\">https:\/\/tropicfish.com\/<\/a><\/p>\n<p>[\/et_pb_accordion_item][et_pb_accordion_item title=&#8220;Nikola \u0160u\u0107ur, Direktor Marketinga, Baby Food Factory&#8220; open=&#8220;on&#8220; _builder_version=&#8220;4.22.2&#8243; _module_preset=&#8220;default&#8220; hover_enabled=&#8220;0&#8243; global_colors_info=&#8220;{}&#8220; sticky_enabled=&#8220;0&#8243;]<\/p>\n<p>Rad sa Nevenom je iskustvo koje donosi pomak ve\u0107 nakon prvog susreta. Nevena neverovatno brzo i jasno uo\u010dava ono \u0161to je klju\u010dno \u2013 ne ono \u0161to pri\u010date, ve\u0107 ono \u0161to vas zaista pokre\u0107e ili ko\u010di, i upravo zbog toga imate ose\u0107aj da stvari dolaze na svoje mesto mnogo ranije nego \u0161to biste o\u010dekivali.<\/p>\n<p>Njena preciznost i duboko razumevanje procesa kroz koji prolazite stvaraju prostor u kojem se ose\u0107ate sigurno, ali i dovoljno izazvano da istinski napredujete. Ona vas dovede do one ta\u010dke koja nije laka, ali jeste neophodna. Nikada preko granice \u2013 ve\u0107 ta\u010dno do mesta na kojem se de\u0161ava promena.<\/p>\n<p>Nevena ne nudi gotova re\u0161enja, ve\u0107 vas vodi do onih uvida koji ostaju sa vama i menjaju na\u010din na koji se nosite sa sobom, odnosima i odlukama. I zato, ono \u0161to postignete u radu sa Nevenom, ne ostaje samo deo razgovora \u2013 postaje deo va\u0161eg pristupa, izbora i svakodnevice. Uz njenu pomo\u0107 rastao sam i kao profesionalac i kao osoba.<\/p>\n<p>Nevenu iskreno preporu\u010dujem svima koji \u017eele promenu koja nije povr\u0161na \u2013 ve\u0107 istinski vodi napred.<\/p>\n<p><a href=\"https:\/\/babyfoodfactory.com\/\">https:\/\/babyfoodfactory.com\/<\/a><\/p>\n<p>[\/et_pb_accordion_item][et_pb_accordion_item title=&#8220;Dragan Od\u017eaklijevi\u0107, Generalni direktor, Dru\u0161tvo za posredovanje u osiguranju ACB d.o.o. &#8211; Exclusive Corespondent AON in Serbia&#8220; open=&#8220;on&#8220; _builder_version=&#8220;4.16&#8243; _module_preset=&#8220;default&#8220; global_colors_info=&#8220;{}&#8220;]<\/p>\n<p>Menad\u017eerima kompanija \u010desto nije lako da prihvate \u010dinjenicu da rad na unapre\u0111enju i razvoju ljudskih resursa u sve dinami\u010dnijem okru\u017eenju \u010desto prerasta okvire poslovanja kompanije. Izbor profesionalnog saradnika sa kojim se zajedni\u010dki radi na ovim delikatnim poslovima je jo\u0161 te\u017ei zadatak, u moru ponuda koje kompanije dobijaju na dnevnom nivou.<\/p>\n<p>Izbor ACB-a da zajedno sa Nevenom Jeremi\u0107 unapre\u0111uje ne samo ve\u0161tine rukovodilaca, zaposlenih i razigrava timove, ve\u0107 i da organizaciju na\u0161e firme u\u010dini elasti\u010dnom i prilagodljivom na promene, se pokazao kao jedan od najboljih poteza koji smo na\u010dinili u poslovanju. Njena profesionalnost, posve\u0107enost, \u017eelja i spremnost da konstantno oslu\u0161kuje potrebe ACB-a i da kroz primenu raznih znanja i metoda u praksi formira i stalno unapre\u0111uje na\u0161e ukupne pojedina\u010dne i timske kvalitete su doprinele da ACB danas ima organizaciju i tim koji su jedinstveni na na\u0161em tr\u017ei\u0161tu i kao takvi \u0161iroko prepoznati. Rad sa Nevenom podrazumeva neprekidnu interakciju, izuzetno kvalitetne uvide i predloge, ali na kraju i veliko zadovoljstvo postignutim rezultatima.<\/p>\n<p><a href=\"https:\/\/www.acb.rs\/sr\/\" target=\"_blank\" rel=\"noopener noreferrer\">https:\/\/www.acb.rs\/sr\/<\/a><\/p>\n<p>[\/et_pb_accordion_item][et_pb_accordion_item title=&#8220;Gorana Golubovi\u0107 Vuksanovi\u0107, Menad\u017eerka ljudskih resursa \u2013 MAMA SHELTER, Srbija&#8220; _builder_version=&#8220;4.16&#8243; _module_preset=&#8220;default&#8220; global_colors_info=&#8220;{}&#8220; open=&#8220;off&#8220;]<\/p>\n<p>Na\u0161oj vi\u0161egodi\u0161njoj poslovnoj saradnji doprineo je Nevenin jedinstven pragmati\u010dan pristup individualnom coaching-u za rukovodioce razli\u010ditih nivoa u organizaciji, uz izuteno razumevanje poslovanja. Fokus joj je na pronalasku najboljeg re\u0161enja za razvoj, unapre\u0111enje ve\u0161tina i kompetentnosti za svakog pojedinca. Svaki put nam je pru\u017eila konsultantsku uslugu na najvi\u0161em nivou. Li\u010dno se se\u0107am bukvalno svake sesije koju sam imala sa njom.<\/p>\n<p><a href=\"https:\/\/www.mamashelter.com\/sr\/beograd\" target=\"_blank\" rel=\"noopener noreferrer\">https:\/\/www.mamashelter.com\/sr\/beograd<\/a><\/p>\n<p>[\/et_pb_accordion_item][et_pb_accordion_item title=&#8220;Dragana Jovanovi\u0107 Arijas, Menad\u017eerka SIPRU Tima&#8220; _builder_version=&#8220;4.16&#8243; _module_preset=&#8220;default&#8220; global_colors_info=&#8220;{}&#8220; open=&#8220;off&#8220;]<\/p>\n<p>Nevena Jeremi\u0107 nam pru\u017ea vi\u0161egodi\u0161nju podr\u0161ku u razvoju timskih kapaciteta. Njena ekspertiza je imala klju\u010dan uticaj na razvoj menad\u017eerskih i liderskih ve\u0161tina, kao i na strate\u0161ko pozicioniranje tima i unapre\u0111enje saradnje sa svim relevantnim akterima. Posebno cenimo njen pristup u radu, jer pru\u017ea konstruktivnu kritiku, konkretne povratne informacije i uva\u017eavanje individualnih i timskih potencijala.<\/p>\n<p><a href=\"http:\/\/socijalnoukljucivanje.gov.rs\/rs\/\" target=\"_blank\" rel=\"noopener noreferrer\">http:\/\/socijalnoukljucivanje.gov.rs\/rs\/<\/a><\/p>\n<p>[\/et_pb_accordion_item][et_pb_accordion_item title=&#8220;Michele Castrogiovanni, Country Energy Services &#038; Gas Manager, MOL GROUP ITALY&#8220; _builder_version=&#8220;4.16&#8243; _module_preset=&#8220;default&#8220; global_colors_info=&#8220;{}&#8220; open=&#8220;off&#8220;]<\/p>\n<p>Sa Nevenom sam po\u010deo da radim u va\u017enom trenutku svog profesionalnog \u017eivota, u situaciji kada sam morao da sara\u0111ujem sa novom multinacionalnom organizacijom, u vreme kada je moja grupa trebalo da se \u201evrati u kolosek\u201c, da povrati motivaciju i okretnost.<\/p>\n<p>Potom smo u Italiji prolazili kroz Covid period i relativnu izolaciju a li\u010dno sam bio\u00a0 uklju\u010den u suo\u010davanje sa velikim pote\u0161ko\u0107ama kompanije i rizikom od velike \u0161tete za samo preduze\u0107e.<\/p>\n<p>Nevenin doprinos bio je va\u017ean u re\u0161avanju svih ovih obaveza i zabrinutosti, pri \u010demu je sa poverenjem i odlu\u010dno\u0161c\u0301u doprinela definisanju ciljnih akcionih planova. Jo\u0161 jedan element velike podr\u0161ke bila je smirenost koju je Nevena uspela da mi prenese, \u010desto mi nudec\u0301i uvid u situacije iz druga\u010dije ta\u010dke gledi\u0161ta.<\/p>\n<p><a href=\"https:\/\/molgroupitaly.it\/en\/\" target=\"_blank\" rel=\"noopener noreferrer\">https:\/\/molgroupitaly.it\/en\/<\/a><\/p>\n<p>[\/et_pb_accordion_item][et_pb_accordion_item title=&#8220;Carmen Becker, Country Human Resources Manager, MOL GROUP ITALY&#8220; _builder_version=&#8220;4.16&#8243; _module_preset=&#8220;default&#8220; global_colors_info=&#8220;{}&#8220; open=&#8220;off&#8220;]<\/p>\n<p>Rad sa Nevenom tokom najte\u017ee godine moje profesionalne karijere podrazumevao je da nau\u010dim kako da duboko zaronim u svoje snage, balansiram strah i napredovanje, zakora\u010dim u nepoznato i suo\u010dim se sa izazovima hrabro i sa entuzijazmom.<\/p>\n<p>Zahvalna sam na njenom neprekidnom usmeravanju, podu\u010davanju i pomaganju u izgradnji otpornosti, zrelosti i mentalnog zdravlja, \u0161to se svakako pokazalo delotvornim tokom suo\u010davanja sa \u00a0epidemijom Covid-19 u Italiji, a \u0161to mi je izgradilo veliko samopouzdanje i oja\u010dalo moju sposobnost da se zaista bavim VUCA prvim evropskim iskustvom zemlje kao lidera i roditelja pionira ovog odre\u0111enog trenutka u istoriji.<\/p>\n<p>Veoma sam ponosna i zahvalna \u0161to imam Nevenu pored sebe!<\/p>\n<p><a href=\"https:\/\/molgroupitaly.it\/en\/\" target=\"_blank\" rel=\"noopener noreferrer\">https:\/\/molgroupitaly.it\/en\/<\/a><\/p>\n<p>[\/et_pb_accordion_item][et_pb_accordion_item title=&#8220;Mirjana Golubovi\u0107, Direktorka ljudskih resursa, TNation, Srbija&#8220; _builder_version=&#8220;4.16&#8243; _module_preset=&#8220;default&#8220; global_colors_info=&#8220;{}&#8220; open=&#8220;off&#8220;]<\/p>\n<p>Imala sam iskustvo u radu sa razli\u010ditim coachevima, ali ono \u0161to mi se desilo nedavno u radu sa Nevenom bilo je neverovatno. Najbolje to mogu da opi\u0161em metaforom rolerkostera.<\/p>\n<p>Prvo me je ne\u017eno &#8222;gurnula&#8220; u nepoznato, pro\u0161la sam kroz sva isku\u0161enja i jake emocije, suo\u010dila se sa sobom a onda me je prihvatila, pru\u017eila mi ruku da si\u0111em sa vrte\u0161ke druga\u010dija, ja\u010da, \u0161ira, vi\u0161e prihvataju\u0107a za sebe i druge.<\/p>\n<p>Ako po\u017eelite da se otisnete na put coaching-a ne zaboravite da je najva\u017enije kome ste pru\u017eili ruku da vas vodi na tom putu.<\/p>\n<p><a href=\"https:\/\/tnation.eu\/\" target=\"_blank\" rel=\"noopener noreferrer\">https:\/\/tnation.eu\/<\/a><\/p>\n<p>[\/et_pb_accordion_item][et_pb_accordion_item title=&#8220;Mirjana Star\u010devi\u0107, Vlasnica %22GLINKA%22&#8243; _builder_version=&#8220;4.16&#8243; _module_preset=&#8220;default&#8220; global_colors_info=&#8220;{}&#8220; open=&#8220;off&#8220;]<\/p>\n<p>Zahvaljuju\u0107i Neveni uspela sam da postavim prioritete i preuzmem rizik u klju\u010dnom trenutku za pokretanje posla \u2013 moj startup! Njene smernice su mi pomogle da hobi pretvorim u biznis i izgradim brend. Posebno sam zahvalna \u0161to je aktivno pratila kako razvoj mog posla, tako i moj li\u010dni i profesionalni razvoj i na vreme mi ukazala na izazove i potrebu za anga\u017eovanjem saradnika.<\/p>\n<p><a href=\"http:\/\/www.glinka.rs\/\" target=\"_blank\" rel=\"noopener noreferrer\">http:\/\/www.glinka.rs\/<\/a><\/p>\n<p>[\/et_pb_accordion_item][et_pb_accordion_item title=&#8220;Marija Juki\u0107 HR Administrator &#8211; Playrix Croatia \/ Prakti\u010dar transakcione analize&#8220; _builder_version=&#8220;4.16&#8243; _module_preset=&#8220;default&#8220; global_colors_info=&#8220;{}&#8220; open=&#8220;off&#8220;]<\/p>\n<p>Iskustvo u radu sa Nevenom je za mene bilo nezamenljivo. Nevena je autenti\u010dna, veliki profesionalac, sa puno ose\u0107aja za ljude i multidisciplinarnim pristupom u vo\u0111enju. Nevena mi je pomogla da osvestim svoje snage i podr\u017eala u najosetljivijim trenucima mog privatnog i profesionalnog razvoja.<\/p>\n<p>Uz njenu pomo\u0107, ohrabrila sam se za promenu smera karijere, pre svega kroz razumevanje kako integrisati sve ste\u010dene ve\u0161tine i iskustvo u novi posao. To je zna\u010dilo prvo razumeti sebe i svoje potencijale, zatim \u017eelje i interesovanja, a onda u odnosu na to, profesionalno se orijentisati na novi smer u karijeri i privatnom \u017eivotu.<\/p>\n<p>Rad kroz prihvatanje, razumevanje, stru\u010dnost i u\u010denje su samo neki od opisa Neveninog pristupa, kojima se osna\u017euju na\u0161e ve\u0161tine i kapaciteti za kvalitetniji \u017eivot.<\/p>\n<p><a href=\"https:\/\/playrix.hr\/\">https:\/\/playrix.hr\/<\/a><\/p>\n<p>[\/et_pb_accordion_item][et_pb_accordion_item title=&#8220;Nikola Lazi\u0107, Vlasnik i Generalni direktor Granit Invest&#8220; _builder_version=&#8220;4.16&#8243; _module_preset=&#8220;default&#8220; global_colors_info=&#8220;{}&#8220; open=&#8220;off&#8220;]<\/p>\n<p>Blisko sara\u0111ujem sa Nevenom od 2013. godine. Kada pogledam u nazad, punog srca mogu da ka\u017eem da je povezivanje i saradnja sa Nevenom jedna od najboljih stvari koja mi se desila &#8211; podjednako na profesionalnom i li\u010dnom planu.<\/p>\n<p>Nevenina posve\u0107enost daleko prevazilazi okvire o\u010dekivanog. Uz njenu\u00a0 pomo\u0107, re\u0161avanje zahtevnih poslovnih situacija daleko je lak\u0161e a moj li\u010dni napredak i sre\u0107a su ne\u0161to \u0161to nju iskreno raduje.<\/p>\n<p>Volim da mislim da sam se zahvaljuju\u0107i njoj zadr\u017eao na pravom putu. Ovo govorim kao vlasnik porodi\u010dne firme sa tradicijom du\u017eom od 40 godina. Govorim kao neko ko je zahvaljuju\u0107i radu sa Nevenom napravio firmu koja se prepoznaje i van granica na\u0161e zemlje.<\/p>\n<p>Pokazala mi je da nije neophodno imati puno ljudi kako bi se radili veliki poslovi, ve\u0107 je va\u017eno da broj ljudi koji radi &#8211; radi kao jedno.<\/p>\n<p><a href=\"https:\/\/granitinvest.rs\/\">https:\/\/granitinvest.rs\/<\/a><\/p>\n<p>[\/et_pb_accordion_item][et_pb_accordion_item title=&#8220;Marija \u0160kaljac, Vlasnik i Direktor, Qube doo&#8220; _builder_version=&#8220;4.16&#8243; _module_preset=&#8220;default&#8220; global_colors_info=&#8220;{}&#8220; open=&#8220;off&#8220;]<\/p>\n<p>Ja sam samouka menad\u017eerka sa umetni\u010dkim profesionalnim \u201cbackground\u201d-om i ne mogu da zamislim da radim bez Nevenine stalne pomo\u0107i.<\/p>\n<p>Nevena je sa mojim timom radila kroz radionice i konsultantske aktivnosti u proteklih 5 godina. Pomogla nam je da defini\u0161emo timove i odaberemo vo\u0111e timova unutar kompanije. Radila je kroz coaching posebno sa mnom kao menad\u017eerkom, a posebno sa drugima u timu. Pomagala mi je da delegiram zadatke kao i da kreiram, menjam, dodeljujem ili razvijam razli\u010dite uloge u timu. Ohrabrivala me je da zastanem i razmislim.<\/p>\n<p>Njeno znanje o grupnoj dinamici i stilovima vo\u0111enja je neverovatno. Nije sledila standarde, ve\u0107 je izmislila jedinstveni stil koji je prilago\u0111en na\u0161im potrebama. Njeni izve\u0161taji uvek su bili vrlo detaljni, s kontrolnim ta\u010dkama i rokovima. Jo\u0161 uvek se savetujem s njom kad god imam problema sa vo\u0111enjem ili kada treba da pro\u0161irim tim.<\/p>\n<p><a href=\"http:\/\/qube3dstudio.com\/\">http:\/\/qube3dstudio.com\/<\/a><\/p>\n<p>[\/et_pb_accordion_item][\/et_pb_accordion][\/et_pb_column][\/et_pb_row][\/et_pb_section]<\/p>\n","protected":false},"excerpt":{"rendered":"<p>BITI U POSLU:RACIO JE NEOPHODAN,BEZ EMOCIJA SE NE MO\u017dEReferenceImam \u010dast preporu\u010diti Nevenu Jeremi\u0107, koja mi je pru\u017eila neprocenjivu podr\u0161ku u profesionalnom i li\u010dnom razvoju. Upoznala sam je u delikatnoj fazi transformacije svog \u017eivota. Kao naslednik porodi\u010dnog biznisa sa tradicionalnim vrednostima, \u010desto u kontrastu sa savremenim poslovnim trendovima, suo\u010davala sam se sa izazovima o\u010duvanja nasle\u0111enih vrednosti [&hellip;]<\/p>\n","protected":false},"author":1,"featured_media":0,"parent":0,"menu_order":0,"comment_status":"closed","ping_status":"closed","template":"","meta":{"_et_pb_use_builder":"on","_et_pb_old_content":"","_et_gb_content_width":"","footnotes":""},"yoast_head":"<!-- This site is optimized with the Yoast SEO plugin v21.2 - https:\/\/yoast.com\/wordpress\/plugins\/seo\/ -->\n<title>Reference - My Blog<\/title>\n<meta name=\"robots\" content=\"index, follow, max-snippet:-1, max-image-preview:large, max-video-preview:-1\" \/>\n<link rel=\"canonical\" href=\"https:\/\/nevenajeremic.com\/sr\/reference\/\" \/>\n<meta property=\"og:locale\" content=\"sr_RS\" \/>\n<meta property=\"og:type\" content=\"article\" \/>\n<meta property=\"og:title\" content=\"Reference - My Blog\" \/>\n<meta property=\"og:description\" content=\"BITI U POSLU:RACIO JE NEOPHODAN,BEZ EMOCIJA SE NE MO\u017dEReferenceImam \u010dast preporu\u010diti Nevenu Jeremi\u0107, koja mi je pru\u017eila neprocenjivu podr\u0161ku u profesionalnom i li\u010dnom razvoju. Upoznala sam je u delikatnoj fazi transformacije svog \u017eivota. Kao naslednik porodi\u010dnog biznisa sa tradicionalnim vrednostima, \u010desto u kontrastu sa savremenim poslovnim trendovima, suo\u010davala sam se sa izazovima o\u010duvanja nasle\u0111enih vrednosti [&hellip;]\" \/>\n<meta property=\"og:url\" content=\"https:\/\/nevenajeremic.com\/sr\/reference\/\" \/>\n<meta property=\"og:site_name\" content=\"My Blog\" \/>\n<meta property=\"article:modified_time\" content=\"2025-08-06T20:18:36+00:00\" \/>\n<meta name=\"twitter:card\" content=\"summary_large_image\" \/>\n<meta name=\"twitter:label1\" content=\"\u041f\u0440\u043e\u0446\u0435\u045a\u0435\u043d\u043e \u0432\u0440\u0435\u043c\u0435 \u0447\u0438\u0442\u0430\u045a\u0430\" \/>\n\t<meta name=\"twitter:data1\" content=\"6 \u043c\u0438\u043d\u0443\u0442\u0430\" \/>\n<script type=\"application\/ld+json\" class=\"yoast-schema-graph\">{\"@context\":\"https:\/\/schema.org\",\"@graph\":[{\"@type\":\"WebPage\",\"@id\":\"https:\/\/nevenajeremic.com\/sr\/reference\/\",\"url\":\"https:\/\/nevenajeremic.com\/sr\/reference\/\",\"name\":\"Reference - My Blog\",\"isPartOf\":{\"@id\":\"https:\/\/nevenajeremic.com\/sr\/#website\"},\"datePublished\":\"2020-10-28T21:45:01+00:00\",\"dateModified\":\"2025-08-06T20:18:36+00:00\",\"breadcrumb\":{\"@id\":\"https:\/\/nevenajeremic.com\/sr\/reference\/#breadcrumb\"},\"inLanguage\":\"sr-RS\",\"potentialAction\":[{\"@type\":\"ReadAction\",\"target\":[\"https:\/\/nevenajeremic.com\/sr\/reference\/\"]}]},{\"@type\":\"BreadcrumbList\",\"@id\":\"https:\/\/nevenajeremic.com\/sr\/reference\/#breadcrumb\",\"itemListElement\":[{\"@type\":\"ListItem\",\"position\":1,\"name\":\"Home\",\"item\":\"https:\/\/nevenajeremic.com\/sr\/\"},{\"@type\":\"ListItem\",\"position\":2,\"name\":\"Reference\"}]},{\"@type\":\"WebSite\",\"@id\":\"https:\/\/nevenajeremic.com\/sr\/#website\",\"url\":\"https:\/\/nevenajeremic.com\/sr\/\",\"name\":\"My Blog\",\"description\":\"My WordPress Blog\",\"potentialAction\":[{\"@type\":\"SearchAction\",\"target\":{\"@type\":\"EntryPoint\",\"urlTemplate\":\"https:\/\/nevenajeremic.com\/sr\/?s={search_term_string}\"},\"query-input\":\"required name=search_term_string\"}],\"inLanguage\":\"sr-RS\"}]}<\/script>\n<!-- \/ Yoast SEO plugin. -->","yoast_head_json":{"title":"Reference - My Blog","robots":{"index":"index","follow":"follow","max-snippet":"max-snippet:-1","max-image-preview":"max-image-preview:large","max-video-preview":"max-video-preview:-1"},"canonical":"https:\/\/nevenajeremic.com\/sr\/reference\/","og_locale":"sr_RS","og_type":"article","og_title":"Reference - My Blog","og_description":"BITI U POSLU:RACIO JE NEOPHODAN,BEZ EMOCIJA SE NE MO\u017dEReferenceImam \u010dast preporu\u010diti Nevenu Jeremi\u0107, koja mi je pru\u017eila neprocenjivu podr\u0161ku u profesionalnom i li\u010dnom razvoju. Upoznala sam je u delikatnoj fazi transformacije svog \u017eivota. Kao naslednik porodi\u010dnog biznisa sa tradicionalnim vrednostima, \u010desto u kontrastu sa savremenim poslovnim trendovima, suo\u010davala sam se sa izazovima o\u010duvanja nasle\u0111enih vrednosti [&hellip;]","og_url":"https:\/\/nevenajeremic.com\/sr\/reference\/","og_site_name":"My Blog","article_modified_time":"2025-08-06T20:18:36+00:00","twitter_card":"summary_large_image","twitter_misc":{"\u041f\u0440\u043e\u0446\u0435\u045a\u0435\u043d\u043e \u0432\u0440\u0435\u043c\u0435 \u0447\u0438\u0442\u0430\u045a\u0430":"6 \u043c\u0438\u043d\u0443\u0442\u0430"},"schema":{"@context":"https:\/\/schema.org","@graph":[{"@type":"WebPage","@id":"https:\/\/nevenajeremic.com\/sr\/reference\/","url":"https:\/\/nevenajeremic.com\/sr\/reference\/","name":"Reference - My Blog","isPartOf":{"@id":"https:\/\/nevenajeremic.com\/sr\/#website"},"datePublished":"2020-10-28T21:45:01+00:00","dateModified":"2025-08-06T20:18:36+00:00","breadcrumb":{"@id":"https:\/\/nevenajeremic.com\/sr\/reference\/#breadcrumb"},"inLanguage":"sr-RS","potentialAction":[{"@type":"ReadAction","target":["https:\/\/nevenajeremic.com\/sr\/reference\/"]}]},{"@type":"BreadcrumbList","@id":"https:\/\/nevenajeremic.com\/sr\/reference\/#breadcrumb","itemListElement":[{"@type":"ListItem","position":1,"name":"Home","item":"https:\/\/nevenajeremic.com\/sr\/"},{"@type":"ListItem","position":2,"name":"Reference"}]},{"@type":"WebSite","@id":"https:\/\/nevenajeremic.com\/sr\/#website","url":"https:\/\/nevenajeremic.com\/sr\/","name":"My Blog","description":"My WordPress Blog","potentialAction":[{"@type":"SearchAction","target":{"@type":"EntryPoint","urlTemplate":"https:\/\/nevenajeremic.com\/sr\/?s={search_term_string}"},"query-input":"required name=search_term_string"}],"inLanguage":"sr-RS"}]}},"_links":{"self":[{"href":"https:\/\/nevenajeremic.com\/sr\/wp-json\/wp\/v2\/pages\/660"}],"collection":[{"href":"https:\/\/nevenajeremic.com\/sr\/wp-json\/wp\/v2\/pages"}],"about":[{"href":"https:\/\/nevenajeremic.com\/sr\/wp-json\/wp\/v2\/types\/page"}],"author":[{"embeddable":true,"href":"https:\/\/nevenajeremic.com\/sr\/wp-json\/wp\/v2\/users\/1"}],"replies":[{"embeddable":true,"href":"https:\/\/nevenajeremic.com\/sr\/wp-json\/wp\/v2\/comments?post=660"}],"version-history":[{"count":4,"href":"https:\/\/nevenajeremic.com\/sr\/wp-json\/wp\/v2\/pages\/660\/revisions"}],"predecessor-version":[{"id":994,"href":"https:\/\/nevenajeremic.com\/sr\/wp-json\/wp\/v2\/pages\/660\/revisions\/994"}],"wp:attachment":[{"href":"https:\/\/nevenajeremic.com\/sr\/wp-json\/wp\/v2\/media?parent=660"}],"curies":[{"name":"wp","href":"https:\/\/api.w.org\/{rel}","templated":true}]}}