{"id":179,"date":"2020-08-31T18:39:48","date_gmt":"2020-08-31T18:39:48","guid":{"rendered":"https:\/\/nevenajeremic.com\/?page_id=179"},"modified":"2025-08-06T20:07:22","modified_gmt":"2025-08-06T20:07:22","slug":"o-neveni","status":"publish","type":"page","link":"https:\/\/nevenajeremic.com\/sr\/o-neveni\/","title":{"rendered":"O Neveni"},"content":{"rendered":"<p>[et_pb_section fb_built=&#8220;1&#8243; module_id=&#8220;hero&#8220; _builder_version=&#8220;4.6.5&#8243; _module_preset=&#8220;default&#8220; background_image=&#8220;https:\/\/nevenajeremic.com\/wp-content\/uploads\/2020\/09\/Baner_BG.jpg&#8220; width=&#8220;100%&#8220; module_alignment=&#8220;center&#8220; min_height_tablet=&#8220;&#8220; min_height_phone=&#8220;&#8220; min_height_last_edited=&#8220;on|desktop&#8220; custom_margin=&#8220;0px|0px|0px|0px|false|false&#8220; custom_padding=&#8220;50px|0px||0px|false|false&#8220; background_color_phone=&#8220;#532f45&#8243; background_last_edited=&#8220;on|phone&#8220; background_enable_color_phone=&#8220;on&#8220; border_style_all=&#8220;none&#8220; global_module=&#8220;176&#8243; saved_tabs=&#8220;all&#8220; global_colors_info=&#8220;{}&#8220;][et_pb_row _builder_version=&#8220;4.16&#8243; _module_preset=&#8220;default&#8220; width_tablet=&#8220;&#8220; width_phone=&#8220;82%&#8220; width_last_edited=&#8220;on|phone&#8220; global_colors_info=&#8220;{}&#8220;][et_pb_column type=&#8220;4_4&#8243; _builder_version=&#8220;4.16&#8243; _module_preset=&#8220;default&#8220; global_colors_info=&#8220;{}&#8220;][et_pb_text _builder_version=&#8220;4.16&#8243; _module_preset=&#8220;default&#8220; header_2_text_align=&#8220;center&#8220; header_2_font_size=&#8220;60px&#8220; header_2_line_height=&#8220;1.1em&#8220; module_alignment=&#8220;center&#8220; custom_padding=&#8220;||||false|false&#8220; header_2_font_size_tablet=&#8220;45px&#8220; header_2_font_size_phone=&#8220;28px&#8220; header_2_font_size_last_edited=&#8220;on|phone&#8220; global_colors_info=&#8220;{}&#8220;]<\/p>\n<h2 style=\"text-align: center;\"><span style=\"color: #ea7186;\">BITI U POSLU:<\/span><br \/><span style=\"color: #ffffff;\">RACIO JE NEOPHODAN,<br \/>BEZ EMOCIJA SE NE MO\u017dE<\/span><\/h2>\n<p>[\/et_pb_text][\/et_pb_column][\/et_pb_row][\/et_pb_section][et_pb_section fb_built=&#8220;1&#8243; _builder_version=&#8220;4.16&#8243; _module_preset=&#8220;default&#8220; background_color=&#8220;#ebe7e5&#8243; min_height=&#8220;61px&#8220; custom_padding=&#8220;0px||0px|||&#8220; global_colors_info=&#8220;{}&#8220;][et_pb_row _builder_version=&#8220;4.16&#8243; _module_preset=&#8220;default&#8220; width=&#8220;100%&#8220; max_width=&#8220;1080px&#8220; custom_margin_tablet=&#8220;&#8220; custom_margin_phone=&#8220;&#8220; custom_margin_last_edited=&#8220;on|phone&#8220; custom_padding=&#8220;0px||50px||false|false&#8220; global_colors_info=&#8220;{}&#8220;][et_pb_column type=&#8220;4_4&#8243; _builder_version=&#8220;4.16&#8243; _module_preset=&#8220;default&#8220; global_colors_info=&#8220;{}&#8220;][et_pb_text module_id=&#8220;oNeveni&#8220; _builder_version=&#8220;4.22.2&#8243; _module_preset=&#8220;default&#8220; custom_padding=&#8220;50px||||false|false&#8220; custom_padding_tablet=&#8220;&#8220; custom_padding_phone=&#8220;|20px||20px|false|false&#8220; custom_padding_last_edited=&#8220;on|phone&#8220; hover_enabled=&#8220;0&#8243; global_colors_info=&#8220;{}&#8220; sticky_enabled=&#8220;0&#8243;]<\/p>\n<p style=\"text-align: left;\"><img decoding=\"async\" loading=\"lazy\" class=\"alignleft wp-image-184\" src=\"https:\/\/nevenajeremic.com\/wp-content\/uploads\/2020\/08\/nevena-jeremic-262x300.jpg\" alt=\"\" width=\"240\" height=\"275\" srcset=\"https:\/\/nevenajeremic.com\/wp-content\/uploads\/2020\/08\/nevena-jeremic-262x300.jpg 262w, https:\/\/nevenajeremic.com\/wp-content\/uploads\/2020\/08\/nevena-jeremic.jpg 438w\" sizes=\"(max-width: 240px) 100vw, 240px\" \/>I nakon 31 godina radnog iskustva u razli\u010ditim oblastima i u razli\u010ditim ulogama, moj profesionalni razvoj i u\u010denje i dalje traje! Po mom mi\u0161ljenju to je jedini na\u010din da u ulogama konsultanta i coach-a, radim kvalitetno i profesionalno.<\/p>\n<p>U radu uvek kombinujem sva ste\u010dena znanja i iskustva. Formalno i neformalno obrazovanje konstantno dopunjujem i inoviram kroz \u010desto poha\u0111anje doma\u0107ih i me\u0111unarodnih profesionalnih radionica, predavanja, konferencija, skupova. To je uvek ozbiljna investicija ali donosi mnogo novih saznanja, kvalitetne razmene iskustava sa drugim konsultantima i coach-evima i motivaciju za dalji rad sa klijentima. Tako\u0111e, takva profesionalna razmena pru\u017ea mi mogu\u0107nost da dobijem realnu sliku o svom radu u odnosu na aktuelne inovacije i trendove u svetu.<\/p>\n<p>Da bi se ste\u010dena znanja i iskustva, formalno obrazovanog diplomirnog in\u017eenjera informacionih sistema i magistra psihologije, spojila u kvalitetan i uskla\u0111en sadr\u017eaj, trebalo je jo\u0161 mnogo profesionalnog u\u010denja i rada, kao na primer kroz edukaciju i sertifikaciju za Akreditovanog Analytic \u2013 Network Coach-a i Sistemsko \u2013 <a href=\"https:\/\/www.analyticnetwork.com\/find-a-coach-4.html#u13845-23\">Psihodinamskog konsultanta <\/a>&amp; <a href=\"https:\/\/ecoleadershipinstitute.org\/eco-system?overlay=03aa8579-4690-4768-b011-3161c46d7d68\" target=\"_blank\" rel=\"noopener\">The Eco-Leadership Institute Coach<\/a>.<\/p>\n<p>Veoma va\u017eno za profesionalnu karijeru je i redovno \u010dlanstvo i anga\u017eovanje u utemeljenim i kvalitetnim me\u0111unarodnim profesionalnim organizacijama. Poseban zna\u010daj je bio izbor za \u010dlana izvr\u0161nog odbora (Administrative Director) u <strong><em>The International Society for the Psychoanalytic Study of Organizations<\/em><\/strong> i to od strane koleginica i kolega \u2013 svetski priznatih konsultanta, profesora, coach-eva:\u00a0<\/p>\n<p><a href=\"https:\/\/www.ispso.org\/\">https:\/\/www.ispso.org<\/a><\/p>\n<p>Tako\u0111e, \u010dlanstva u \u2013<\/p>\n<p>Psychology of Personal Constructs Organisation, Serbia<br \/><a href=\"https:\/\/www.ukons.org.rs\/psihoterapija-i-savetovanje\/\">https:\/\/www.ukons.org.rs\/psihoterapija-i-savetovanje\/<\/a> i<\/p>\n<p>The Group Analytic Society International, GASI<br \/><a href=\"https:\/\/groupanalyticsociety.co.uk\/\">https:\/\/groupanalyticsociety.co.uk<\/a><\/p>\n<p>redovno doprinose mom radu sa kako sa individualnim klijentima tako i u radu sa kompanijama i organizacijama.<\/p>\n<p>U svom radu kao konsultant i coach, fokusiram se sa ciljem da prepoznam, obezbedim usvajanje i zadr\u017eavanje praksi koje su bile i ostale efikasne kod konkretnog klijenta. Paralelno, fokusiram se i na prepoznavanje i eliminisanje neefikasnih navika i aktivnosti koje su postojale i postoje kod klijenta. Kroz partnerski odnos sa svakim klijentom posebno, nastaje dogovor o zastarelim procesima ili odnosima koji bi trebalo da budu promenjeni kao i o tome \u0161ta bi trebalo usvojiti kao bolje modele rada, pona\u0161anja, razumevanja problema i odnosa prema kontekstu u kojem \u017eive i posluju.<\/p>\n<p><strong>U radu sa razli\u010ditim klijentima: <\/strong><\/p>\n<p>ACB\/AON, Telenor, PepsiCo, NIS \/Gazprom Neft, Atlantic Group, Coca-Cola HBC, JT International, Heineken, UniCredit Bank, Mil\u0161ped Grupa, Granit Invest, KPMG, Swarovski, DDOR Novi Sad doo \u2013 part of the\u201cGruppo Assicurativo Unipol\u201c group, MOL Serbia, SIPRU Team, Hemofarm AD, MK Group, FieldScope International, Hutchinson Automotive Serbia, FCA Serbia, VivaGaming Solutions doo, MOL Group Italy, GLA Holding, Marimar, ASW In\u017eenjering, Qube, Adient Seating, Hahn+Kolb d.o.o., Mama Shelter, Adient, Panlinft, Marimar, Eyesee, Novaston, Medigroup, SMP Automotive, SOS Decije selo, Infaloom, Verano Sunprotection, Tropic Trade doo, WEConnect, Baby Food Factory, EcoPure, A1, SKGO, Helvetas, Nelt Group, IDJ Videos, Dexy Co, Play Media, \u2026<\/p>\n<p>sledim koncept procesnih promena koji je zasnovan je na postepenosti i integraciji novih ideja u svakodnevnu radnu rutinu i praksu \u2013 kako se organizacija menja tako se vide i uspesi promena. Ove promene se implementiraju bez posledica i stvaranja haosa a postignuti rezultati su odr\u017eivi i postaju organski deo \u017eivota kiljenta.<\/p>\n<p>[\/et_pb_text][\/et_pb_column][\/et_pb_row][\/et_pb_section]<\/p>\n","protected":false},"excerpt":{"rendered":"<p>BITI U POSLU:RACIO JE NEOPHODAN,BEZ EMOCIJA SE NE MO\u017dEI nakon 31 godina radnog iskustva u razli\u010ditim oblastima i u razli\u010ditim ulogama, moj profesionalni razvoj i u\u010denje i dalje traje! Po mom mi\u0161ljenju to je jedini na\u010din da u ulogama konsultanta i coach-a, radim kvalitetno i profesionalno. U radu uvek kombinujem sva ste\u010dena znanja i iskustva. [&hellip;]<\/p>\n","protected":false},"author":1,"featured_media":0,"parent":0,"menu_order":0,"comment_status":"closed","ping_status":"closed","template":"","meta":{"_et_pb_use_builder":"on","_et_pb_old_content":"","_et_gb_content_width":"","footnotes":""},"yoast_head":"<!-- This site is optimized with the Yoast SEO plugin v21.2 - https:\/\/yoast.com\/wordpress\/plugins\/seo\/ -->\n<title>O Neveni - My Blog<\/title>\n<meta name=\"robots\" content=\"index, follow, max-snippet:-1, max-image-preview:large, max-video-preview:-1\" \/>\n<link rel=\"canonical\" href=\"https:\/\/nevenajeremic.com\/sr\/o-neveni\/\" \/>\n<meta property=\"og:locale\" content=\"sr_RS\" \/>\n<meta property=\"og:type\" content=\"article\" \/>\n<meta property=\"og:title\" content=\"O Neveni - My Blog\" \/>\n<meta property=\"og:description\" content=\"BITI U POSLU:RACIO JE NEOPHODAN,BEZ EMOCIJA SE NE MO\u017dEI nakon 31 godina radnog iskustva u razli\u010ditim oblastima i u razli\u010ditim ulogama, moj profesionalni razvoj i u\u010denje i dalje traje! Po mom mi\u0161ljenju to je jedini na\u010din da u ulogama konsultanta i coach-a, radim kvalitetno i profesionalno. U radu uvek kombinujem sva ste\u010dena znanja i iskustva. [&hellip;]\" \/>\n<meta property=\"og:url\" content=\"https:\/\/nevenajeremic.com\/sr\/o-neveni\/\" \/>\n<meta property=\"og:site_name\" content=\"My Blog\" \/>\n<meta property=\"article:modified_time\" content=\"2025-08-06T20:07:22+00:00\" \/>\n<meta property=\"og:image\" content=\"https:\/\/nevenajeremic.com\/wp-content\/uploads\/2020\/08\/nevena-jeremic-262x300.jpg\" \/>\n<meta name=\"twitter:card\" content=\"summary_large_image\" \/>\n<meta name=\"twitter:label1\" content=\"\u041f\u0440\u043e\u0446\u0435\u045a\u0435\u043d\u043e \u0432\u0440\u0435\u043c\u0435 \u0447\u0438\u0442\u0430\u045a\u0430\" \/>\n\t<meta name=\"twitter:data1\" content=\"3 \u043c\u0438\u043d\u0443\u0442\u0430\" \/>\n<script type=\"application\/ld+json\" class=\"yoast-schema-graph\">{\"@context\":\"https:\/\/schema.org\",\"@graph\":[{\"@type\":\"WebPage\",\"@id\":\"https:\/\/nevenajeremic.com\/sr\/o-neveni\/\",\"url\":\"https:\/\/nevenajeremic.com\/sr\/o-neveni\/\",\"name\":\"O Neveni - My Blog\",\"isPartOf\":{\"@id\":\"https:\/\/nevenajeremic.com\/sr\/#website\"},\"datePublished\":\"2020-08-31T18:39:48+00:00\",\"dateModified\":\"2025-08-06T20:07:22+00:00\",\"breadcrumb\":{\"@id\":\"https:\/\/nevenajeremic.com\/sr\/o-neveni\/#breadcrumb\"},\"inLanguage\":\"sr-RS\",\"potentialAction\":[{\"@type\":\"ReadAction\",\"target\":[\"https:\/\/nevenajeremic.com\/sr\/o-neveni\/\"]}]},{\"@type\":\"BreadcrumbList\",\"@id\":\"https:\/\/nevenajeremic.com\/sr\/o-neveni\/#breadcrumb\",\"itemListElement\":[{\"@type\":\"ListItem\",\"position\":1,\"name\":\"Home\",\"item\":\"https:\/\/nevenajeremic.com\/sr\/\"},{\"@type\":\"ListItem\",\"position\":2,\"name\":\"O Neveni\"}]},{\"@type\":\"WebSite\",\"@id\":\"https:\/\/nevenajeremic.com\/sr\/#website\",\"url\":\"https:\/\/nevenajeremic.com\/sr\/\",\"name\":\"My Blog\",\"description\":\"My WordPress Blog\",\"potentialAction\":[{\"@type\":\"SearchAction\",\"target\":{\"@type\":\"EntryPoint\",\"urlTemplate\":\"https:\/\/nevenajeremic.com\/sr\/?s={search_term_string}\"},\"query-input\":\"required name=search_term_string\"}],\"inLanguage\":\"sr-RS\"}]}<\/script>\n<!-- \/ Yoast SEO plugin. -->","yoast_head_json":{"title":"O Neveni - My Blog","robots":{"index":"index","follow":"follow","max-snippet":"max-snippet:-1","max-image-preview":"max-image-preview:large","max-video-preview":"max-video-preview:-1"},"canonical":"https:\/\/nevenajeremic.com\/sr\/o-neveni\/","og_locale":"sr_RS","og_type":"article","og_title":"O Neveni - My Blog","og_description":"BITI U POSLU:RACIO JE NEOPHODAN,BEZ EMOCIJA SE NE MO\u017dEI nakon 31 godina radnog iskustva u razli\u010ditim oblastima i u razli\u010ditim ulogama, moj profesionalni razvoj i u\u010denje i dalje traje! Po mom mi\u0161ljenju to je jedini na\u010din da u ulogama konsultanta i coach-a, radim kvalitetno i profesionalno. U radu uvek kombinujem sva ste\u010dena znanja i iskustva. [&hellip;]","og_url":"https:\/\/nevenajeremic.com\/sr\/o-neveni\/","og_site_name":"My Blog","article_modified_time":"2025-08-06T20:07:22+00:00","og_image":[{"url":"https:\/\/nevenajeremic.com\/wp-content\/uploads\/2020\/08\/nevena-jeremic-262x300.jpg"}],"twitter_card":"summary_large_image","twitter_misc":{"\u041f\u0440\u043e\u0446\u0435\u045a\u0435\u043d\u043e \u0432\u0440\u0435\u043c\u0435 \u0447\u0438\u0442\u0430\u045a\u0430":"3 \u043c\u0438\u043d\u0443\u0442\u0430"},"schema":{"@context":"https:\/\/schema.org","@graph":[{"@type":"WebPage","@id":"https:\/\/nevenajeremic.com\/sr\/o-neveni\/","url":"https:\/\/nevenajeremic.com\/sr\/o-neveni\/","name":"O Neveni - My Blog","isPartOf":{"@id":"https:\/\/nevenajeremic.com\/sr\/#website"},"datePublished":"2020-08-31T18:39:48+00:00","dateModified":"2025-08-06T20:07:22+00:00","breadcrumb":{"@id":"https:\/\/nevenajeremic.com\/sr\/o-neveni\/#breadcrumb"},"inLanguage":"sr-RS","potentialAction":[{"@type":"ReadAction","target":["https:\/\/nevenajeremic.com\/sr\/o-neveni\/"]}]},{"@type":"BreadcrumbList","@id":"https:\/\/nevenajeremic.com\/sr\/o-neveni\/#breadcrumb","itemListElement":[{"@type":"ListItem","position":1,"name":"Home","item":"https:\/\/nevenajeremic.com\/sr\/"},{"@type":"ListItem","position":2,"name":"O Neveni"}]},{"@type":"WebSite","@id":"https:\/\/nevenajeremic.com\/sr\/#website","url":"https:\/\/nevenajeremic.com\/sr\/","name":"My Blog","description":"My WordPress Blog","potentialAction":[{"@type":"SearchAction","target":{"@type":"EntryPoint","urlTemplate":"https:\/\/nevenajeremic.com\/sr\/?s={search_term_string}"},"query-input":"required name=search_term_string"}],"inLanguage":"sr-RS"}]}},"_links":{"self":[{"href":"https:\/\/nevenajeremic.com\/sr\/wp-json\/wp\/v2\/pages\/179"}],"collection":[{"href":"https:\/\/nevenajeremic.com\/sr\/wp-json\/wp\/v2\/pages"}],"about":[{"href":"https:\/\/nevenajeremic.com\/sr\/wp-json\/wp\/v2\/types\/page"}],"author":[{"embeddable":true,"href":"https:\/\/nevenajeremic.com\/sr\/wp-json\/wp\/v2\/users\/1"}],"replies":[{"embeddable":true,"href":"https:\/\/nevenajeremic.com\/sr\/wp-json\/wp\/v2\/comments?post=179"}],"version-history":[{"count":5,"href":"https:\/\/nevenajeremic.com\/sr\/wp-json\/wp\/v2\/pages\/179\/revisions"}],"predecessor-version":[{"id":987,"href":"https:\/\/nevenajeremic.com\/sr\/wp-json\/wp\/v2\/pages\/179\/revisions\/987"}],"wp:attachment":[{"href":"https:\/\/nevenajeremic.com\/sr\/wp-json\/wp\/v2\/media?parent=179"}],"curies":[{"name":"wp","href":"https:\/\/api.w.org\/{rel}","templated":true}]}}